{"id":5707,"date":"2015-02-19T09:48:19","date_gmt":"2015-02-19T09:48:19","guid":{"rendered":"http:\/\/demo2.wpresidence.net\/?page_id=5707"},"modified":"2025-10-23T10:57:52","modified_gmt":"2025-10-23T10:57:52","slug":"contact-us","status":"publish","type":"page","link":"http:\/\/deal.immo.com.tn\/ar\/contact-us\/","title":{"rendered":"\u0627\u062a\u0635\u0627\u0644"},"content":{"rendered":"<div class=\"wpb-content-wrapper\"><div class=\"vc_row wpb_row vc_row-fluid vc_row\"><div class=\"wpb_column vc_column_container vc_col-sm-12 vc_column\"><div class=\"vc_column-inner\"><div class=\"wpb_wrapper\"><div class=\"vc_empty_space  vc_empty_space\"   style=\"height: 30px\"><span class=\"vc_empty_space_inner\"><\/span><\/div>\n\t<div class=\"wpb_text_column wpb_content_element vc_column_text\" >\n\t\t<div class=\"wpb_wrapper\">\n\t\t\t<p>\u0625\u0630\u0627 \u0643\u0646\u062a \u062a\u0628\u062d\u062b \u0639\u0646 \u0639\u0642\u0627\u0631 \u0639\u0642\u0627\u0631\u064a \u062c\u064a\u062f \u0644\u0644\u0628\u064a\u0639 \u0623\u0648 \u0627\u0644\u0634\u0631\u0627\u0621 \u0641\u064a \u0645\u0646\u0637\u0642\u0629 \u062a\u0648\u0646\u0633\u060c \u0641\u0625\u0646 DEAL IMMO \u062a\u0633\u0647\u0644 \u0639\u0644\u064a\u0643 \u0623\u0628\u062d\u0627\u062b\u0643. \u0627\u0633\u062a\u062e\u062f\u0645 \u0645\u064a\u0632\u0629 \u062a\u062d\u062f\u064a\u062f \u0627\u0644\u0645\u0648\u0642\u0639 \u0627\u0644\u062c\u063a\u0631\u0627\u0641\u064a \u0627\u0644\u0641\u0631\u064a\u062f\u0629 \u0644\u0644\u0639\u062b\u0648\u0631 \u0639\u0644\u0649 \u0627\u0644\u0641\u064a\u0644\u0627 \u0623\u0648 \u0627\u0644\u0645\u0646\u0632\u0644 \u0623\u0648 \u0627\u0644\u0634\u0642\u0629 \u0627\u0644\u0645\u062b\u0627\u0644\u064a\u0629 \u0648\u0627\u062a\u0635\u0644 \u0645\u0628\u0627\u0634\u0631\u0629 \u0628\u0627\u0644\u0645\u0627\u0644\u0643\u064a\u0646. \u0633\u0646\u0633\u0627\u0639\u062f\u0643 \u0641\u064a \u0627\u0644\u0639\u062b\u0648\u0631 \u0639\u0644\u0649 \u0628\u064a\u062a\u0643 \u0641\u064a \u0628\u0636\u0639 \u062b\u0648\u0627\u0646\u064d.<\/p>\n<p>\u0646\u0642\u062f\u0645 \u0644\u0639\u0645\u0644\u0627\u0626\u0646\u0627 \u062e\u0628\u0631\u0629 \u0645\u062a\u0639\u0645\u0642\u0629 \u0641\u064a \u062c\u0645\u064a\u0639 \u062c\u0648\u0627\u0646\u0628 \u0627\u0644\u062d\u064a\u0627\u0629 \u0623\u0648 \u0627\u0644\u0628\u064a\u0639 \u0641\u064a \u0627\u0644\u0645\u0646\u0632\u0644. \u0643\u064a\u0641 \u0646\u0633\u0627\u0639\u062f\u0643 \u0641\u064a \u0627\u0644\u0639\u062b\u0648\u0631 \u0639\u0644\u0649 \u0628\u064a\u062a \u0631\u064a\u0641\u064a\u060c \u0623\u0648 \u0645\u0646\u0627\u0642\u0634\u0629 \u0628\u0631\u0627\u0645\u062c \u0627\u0644\u0639\u0642\u0627\u0631\u0627\u062a \u0627\u0644\u062c\u062f\u064a\u062f\u0629 \u0641\u064a \u0646\u064a\u0648\u064a\u0648\u0631\u0643\u060c \u0623\u0648 \u0645\u0631\u0627\u0641\u0642\u062a\u0643 \u0641\u064a \u0645\u062a\u062c\u0631\u0643 \u0627\u0644\u062c\u064a\u062f\u060c \u0633\u0644\u0633\u0644\u0629 \u062c\u062f\u064a\u062f\u0629 \u0645\u0646 \u0645\u0631\u0627\u0641\u0642\u062a\u0643. \u0644\u0627 \u062f\u0627\u0639\u064a \u0644\u0644\u0627\u062a\u0635\u0627\u0644 \u0628\u0646\u0627 \u0644\u0623\u064a \u0633\u0624\u0627\u0644\u00a0!<\/p>\n\n\t\t<\/div>\n\t<\/div>\n<\/div><\/div><\/div><\/div>\n<\/div>","protected":false},"excerpt":{"rendered":"Que vous recherchiez un bien immobilier \u00e0 vendre ou \u00e0 louer dans la r\u00e9gion de tunisie, DEAL IMMO simplifie vos recherches. Utilisez notre fonction unique de g\u00e9olocalisation pour trouver la villa, la maison de ville ou l'appartement id\u00e9al et contactez directement les propri\u00e9taires. Nous vous aiderons \u00e0 trouver la maison de vos r\u00eaves en quelques secondes. Nous offrons \u00e0 nos clients une expertise approfondie ...","protected":false},"author":1,"featured_media":0,"parent":0,"menu_order":0,"comment_status":"open","ping_status":"closed","template":"contact_page.php","meta":{"footnotes":""},"class_list":["post-5707","page","type-page","status-publish","hentry"],"_links":{"self":[{"href":"http:\/\/deal.immo.com.tn\/ar\/wp-json\/wp\/v2\/pages\/5707"}],"collection":[{"href":"http:\/\/deal.immo.com.tn\/ar\/wp-json\/wp\/v2\/pages"}],"about":[{"href":"http:\/\/deal.immo.com.tn\/ar\/wp-json\/wp\/v2\/types\/page"}],"author":[{"embeddable":true,"href":"http:\/\/deal.immo.com.tn\/ar\/wp-json\/wp\/v2\/users\/1"}],"replies":[{"embeddable":true,"href":"http:\/\/deal.immo.com.tn\/ar\/wp-json\/wp\/v2\/comments?post=5707"}],"version-history":[{"count":2,"href":"http:\/\/deal.immo.com.tn\/ar\/wp-json\/wp\/v2\/pages\/5707\/revisions"}],"predecessor-version":[{"id":18810,"href":"http:\/\/deal.immo.com.tn\/ar\/wp-json\/wp\/v2\/pages\/5707\/revisions\/18810"}],"wp:attachment":[{"href":"http:\/\/deal.immo.com.tn\/ar\/wp-json\/wp\/v2\/media?parent=5707"}],"curies":[{"name":"wp","href":"https:\/\/api.w.org\/{rel}","templated":true}]}}