{"id":5707,"date":"2015-02-19T09:48:19","date_gmt":"2015-02-19T09:48:19","guid":{"rendered":"http:\/\/demo2.wpresidence.net\/?page_id=5707"},"modified":"2025-10-23T10:57:52","modified_gmt":"2025-10-23T10:57:52","slug":"contact-us","status":"publish","type":"page","link":"http:\/\/deal.immo.com.tn\/en\/contact-us\/","title":{"rendered":"Contact"},"content":{"rendered":"<div class=\"wpb-content-wrapper\"><div class=\"vc_row wpb_row vc_row-fluid vc_row\"><div class=\"wpb_column vc_column_container vc_col-sm-12 vc_column\"><div class=\"vc_column-inner\"><div class=\"wpb_wrapper\"><div class=\"vc_empty_space  vc_empty_space\"   style=\"height: 30px\"><span class=\"vc_empty_space_inner\"><\/span><\/div>\n\t<div class=\"wpb_text_column wpb_content_element vc_column_text\" >\n\t\t<div class=\"wpb_wrapper\">\n\t\t\t<p>Whether you're looking for a property to buy or rent in Tunisia, DEAL IMMO simplifies your search. Use our unique geolocation feature to find the perfect villa, townhouse, or apartment and contact the owners directly. We'll help you find your dream home in seconds.<\/p>\n<p>We offer our clients in-depth expertise on all aspects of buying or selling a home. Whether it's helping you find your dream home, discussing new real estate developments in New York, or assisting you with the sale of your property, we would be delighted to help. Please don't hesitate to contact us with any questions!<\/p>\n\n\t\t<\/div>\n\t<\/div>\n<\/div><\/div><\/div><\/div>\n<\/div>","protected":false},"excerpt":{"rendered":"Que vous recherchiez un bien immobilier \u00e0 vendre ou \u00e0 louer dans la r\u00e9gion de tunisie, DEAL IMMO simplifie vos recherches. Utilisez notre fonction unique de g\u00e9olocalisation pour trouver la villa, la maison de ville ou l'appartement id\u00e9al et contactez directement les propri\u00e9taires. Nous vous aiderons \u00e0 trouver la maison de vos r\u00eaves en quelques secondes. Nous offrons \u00e0 nos clients une expertise approfondie ...","protected":false},"author":1,"featured_media":0,"parent":0,"menu_order":0,"comment_status":"open","ping_status":"closed","template":"contact_page.php","meta":{"footnotes":""},"class_list":["post-5707","page","type-page","status-publish","hentry"],"_links":{"self":[{"href":"http:\/\/deal.immo.com.tn\/en\/wp-json\/wp\/v2\/pages\/5707"}],"collection":[{"href":"http:\/\/deal.immo.com.tn\/en\/wp-json\/wp\/v2\/pages"}],"about":[{"href":"http:\/\/deal.immo.com.tn\/en\/wp-json\/wp\/v2\/types\/page"}],"author":[{"embeddable":true,"href":"http:\/\/deal.immo.com.tn\/en\/wp-json\/wp\/v2\/users\/1"}],"replies":[{"embeddable":true,"href":"http:\/\/deal.immo.com.tn\/en\/wp-json\/wp\/v2\/comments?post=5707"}],"version-history":[{"count":2,"href":"http:\/\/deal.immo.com.tn\/en\/wp-json\/wp\/v2\/pages\/5707\/revisions"}],"predecessor-version":[{"id":18810,"href":"http:\/\/deal.immo.com.tn\/en\/wp-json\/wp\/v2\/pages\/5707\/revisions\/18810"}],"wp:attachment":[{"href":"http:\/\/deal.immo.com.tn\/en\/wp-json\/wp\/v2\/media?parent=5707"}],"curies":[{"name":"wp","href":"https:\/\/api.w.org\/{rel}","templated":true}]}}